{"id":288,"date":"2025-12-10T08:29:40","date_gmt":"2025-12-10T08:29:40","guid":{"rendered":"https:\/\/shelter-dog.de\/?page_id=288"},"modified":"2026-01-06T12:56:18","modified_gmt":"2026-01-06T12:56:18","slug":"impressum-oreo-the-shelter-dog","status":"publish","type":"page","link":"https:\/\/shelter-dog.de\/en\/impressum-oreo-the-shelter-dog\/","title":{"rendered":"Impressum $Oreo the Shelter Dog"},"content":{"rendered":"<h3 class=\"wp-block-heading\"><strong>Impressum \u2013 Rechtliche Angaben und Informationen<\/strong><\/h3>\n\n\n\n<p>Das Impressum $Oreo the Shelter Dog dieser Website dient der Erf\u00fcllung der gesetzlichen Informationspflichten gem\u00e4\u00df\u00a0<strong>\u00a7 5 Telemediengesetz (TMG)<\/strong>\u00a0sowie\u00a0<strong>\u00a7 18 Abs. 2 Medienstaatsvertrag (MStV)<\/strong>. Ziel dieser Seite ist es, Besuchern transparente Angaben \u00fcber den Betreiber dieser Website, dessen Kontaktdaten sowie die rechtlichen Verantwortlichkeiten bereitzustellen.<\/p>\n\n\n\n<p>Im Impressum $Oreo the Shelter Dog finden Sie alle wesentlichen Informationen zum\u00a0<strong>Anbi<\/strong><a href=\"https:\/\/dexscreener.com\/solana\/6LeKXRLt4AkwLhMCgT44aWKmj6fFoA8kFwPgKDLBYin9\">https:\/\/dexscreener.com\/solana\/6LeKXRLt4AkwLhMCgT44aWKmj6fFoA8kFwPgKDLBYin9<\/a><strong>eter der Website [Projektname]<\/strong>. Dazu geh\u00f6ren insbesondere der Name bzw. die Firma des Betreibers, die vollst\u00e4ndige ladungsf\u00e4hige Anschrift, Angaben zur vertretungsberechtigten Person sowie verschiedene Kontaktm\u00f6glichkeiten wie E-Mail-Adresse und \u2013 sofern angegeben \u2013 Telefonnummer. Diese Informationen erm\u00f6glichen eine schnelle und direkte Kontaktaufnahme und tragen zur Vertrauensbildung bei.<\/p>\n\n\n\n<h2 class=\"wp-block-heading\">Sofern der Websitebetreiber in einem \u00f6ffentlichen Register eingetragen ist, enth\u00e4lt das Impressum ebenfalls Angaben zum entsprechenden&nbsp;<strong>Register<\/strong>, dem&nbsp;<strong>Registergericht<\/strong>&nbsp;sowie der&nbsp;<strong>Registernummer<\/strong>. Falls vorhanden, wird zudem die&nbsp;<strong>Umsatzsteuer-Identifikationsnummer gem\u00e4\u00df \u00a7 27a UStG<\/strong>&nbsp;oder eine&nbsp;<strong>Wirtschafts-Identifikationsnummer gem\u00e4\u00df \u00a7 139c AO<\/strong>&nbsp;aufgef\u00fchrt. Diese Angaben sind insbesondere f\u00fcr gesch\u00e4ftliche und steuerliche Zwecke relevant.<\/h2>\n\n\n\n<h2 class=\"wp-block-heading\">Impressum $Oreo the Shelter Dog<\/h2>\n\n\n\n<p>Ein weiterer Bestandteil des Impressums ist die Benennung der&nbsp;<strong>verantwortlichen Person f\u00fcr den Inhalt<\/strong>&nbsp;gem\u00e4\u00df \u00a7 18 Abs. 2 MStV. Diese Person ist f\u00fcr die journalistisch-redaktionellen Inhalte dieser Website verantwortlich und stellt sicher, dass die ver\u00f6ffentlichten Informationen den geltenden gesetzlichen Bestimmungen entsprechen.<\/p>\n\n\n\n<p>Dar\u00fcber hinaus enth\u00e4lt das Impressum rechtliche Hinweise zur\u00a0<strong>Haftung f\u00fcr Inhalte<\/strong>\u00a0sowie zur\u00a0<strong>Haftung f\u00fcr externe L<\/strong><a href=\"https:\/\/shelter-dog.de\/en\/impressum\/\">https:\/\/shelter-dog.de\/impressum\/<\/a><strong>inks<\/strong>. Trotz sorgf\u00e4ltiger inhaltlicher Kontrolle kann keine Gew\u00e4hr f\u00fcr die Aktualit\u00e4t, Richtigkeit und Vollst\u00e4ndigkeit der bereitgestellten Informationen \u00fcbernommen werden. F\u00fcr Inhalte externer Webseiten, auf die von dieser Website aus verlinkt wird, ist stets der jeweilige Anbieter oder Betreiber verantwortlich.<\/p>\n\n\n\n<p>Ein weiterer wichtiger Abschnitt betrifft das&nbsp;<strong>Urheberrecht<\/strong>. Alle auf dieser Website ver\u00f6ffentlichten Inhalte, Texte, Grafiken und sonstigen Werke unterliegen dem jeweils geltenden Urheberrecht. Eine Verwendung au\u00dferhalb der gesetzlichen Grenzen bedarf der vorherigen schriftlichen Zustimmung des Rechteinhabers.<\/p>\n\n\n\n<p>Das Impressum von [Projektname] tr\u00e4gt somit wesentlich zur&nbsp;<strong>rechtlichen Transparenz<\/strong>, zur&nbsp;<strong>Nutzerinformation<\/strong>&nbsp;und zur&nbsp;<strong>Einhaltung gesetzlicher Vorgaben<\/strong>&nbsp;bei. Besucher dieser Website k\u00f6nnen sich hier jederzeit \u00fcber die verantwortliche Stelle informieren und bei Bedarf Kontakt aufnehmen.<\/p>","protected":false},"excerpt":{"rendered":"<p>Impressum \u2013 Rechtliche Angaben und Informationen Das Impressum $Oreo the Shelter Dog dieser Website dient der Erf\u00fcllung der gesetzlichen Informationspflichten gem\u00e4\u00df\u00a0\u00a7 5 Telemediengesetz (TMG)\u00a0sowie\u00a0\u00a7 18 Abs.<span class=\"excerpt-hellip\"> [\u2026]<\/span><\/p>","protected":false},"author":1,"featured_media":292,"parent":0,"menu_order":0,"comment_status":"closed","ping_status":"closed","template":"","meta":{"footnotes":""},"class_list":["post-288","page","type-page","status-publish","has-post-thumbnail","hentry"],"yoast_head":"<!-- This site is optimized with the Yoast SEO plugin v27.4 - https:\/\/yoast.com\/product\/yoast-seo-wordpress\/ -->\n<title>$Oreo the Shelter Dog | Impressum<\/title>\n<meta name=\"description\" content=\"Impressum von $Oreo the Shelter Dog: Rechtliche Angaben, Kontaktinformationen und Verantwortlichkeiten gem\u00e4\u00df \u00a7 5 TMG und \u00a7 18 MStV.\" \/>\n<meta name=\"robots\" content=\"index, follow, max-snippet:-1, max-image-preview:large, max-video-preview:-1\" \/>\n<link rel=\"canonical\" href=\"https:\/\/shelter-dog.de\/en\/impressum-oreo-the-shelter-dog\/\" \/>\n<meta property=\"og:locale\" content=\"en_US\" \/>\n<meta property=\"og:type\" content=\"article\" \/>\n<meta property=\"og:title\" content=\"$Oreo the Shelter Dog | Impressum\" \/>\n<meta property=\"og:description\" content=\"Impressum von $Oreo the Shelter Dog: Rechtliche Angaben, Kontaktinformationen und Verantwortlichkeiten gem\u00e4\u00df \u00a7 5 TMG und \u00a7 18 MStV.\" \/>\n<meta property=\"og:url\" content=\"https:\/\/shelter-dog.de\/en\/impressum-oreo-the-shelter-dog\/\" \/>\n<meta property=\"og:site_name\" content=\"$Oreo the Shelter Dog\" \/>\n<meta property=\"article:modified_time\" content=\"2026-01-06T12:56:18+00:00\" \/>\n<meta property=\"og:image\" content=\"https:\/\/shelter-dog.de\/wp-content\/uploads\/2025\/12\/petition-bg.jpg\" \/>\n\t<meta property=\"og:image:width\" content=\"1280\" \/>\n\t<meta property=\"og:image:height\" content=\"720\" \/>\n\t<meta property=\"og:image:type\" content=\"image\/jpeg\" \/>\n<meta name=\"twitter:card\" content=\"summary_large_image\" \/>\n<meta name=\"twitter:site\" content=\"@oreodogshelter\" \/>\n<meta name=\"twitter:label1\" content=\"Est. reading time\" \/>\n\t<meta name=\"twitter:data1\" content=\"3 minutes\" \/>\n<script type=\"application\/ld+json\" class=\"yoast-schema-graph\">{\"@context\":\"https:\\\/\\\/schema.org\",\"@graph\":[{\"@type\":\"WebPage\",\"@id\":\"https:\\\/\\\/shelter-dog.de\\\/impressum-oreo-the-shelter-dog\\\/\",\"url\":\"https:\\\/\\\/shelter-dog.de\\\/impressum-oreo-the-shelter-dog\\\/\",\"name\":\"$Oreo the Shelter Dog | Impressum\",\"isPartOf\":{\"@id\":\"https:\\\/\\\/shelter-dog.de\\\/#website\"},\"primaryImageOfPage\":{\"@id\":\"https:\\\/\\\/shelter-dog.de\\\/impressum-oreo-the-shelter-dog\\\/#primaryimage\"},\"image\":{\"@id\":\"https:\\\/\\\/shelter-dog.de\\\/impressum-oreo-the-shelter-dog\\\/#primaryimage\"},\"thumbnailUrl\":\"https:\\\/\\\/shelter-dog.de\\\/wp-content\\\/uploads\\\/2025\\\/12\\\/petition-bg.jpg\",\"datePublished\":\"2025-12-10T08:29:40+00:00\",\"dateModified\":\"2026-01-06T12:56:18+00:00\",\"description\":\"Impressum von $Oreo the Shelter Dog: Rechtliche Angaben, Kontaktinformationen und Verantwortlichkeiten gem\u00e4\u00df \u00a7 5 TMG und \u00a7 18 MStV.\",\"breadcrumb\":{\"@id\":\"https:\\\/\\\/shelter-dog.de\\\/impressum-oreo-the-shelter-dog\\\/#breadcrumb\"},\"inLanguage\":\"en-US\",\"potentialAction\":[{\"@type\":\"ReadAction\",\"target\":[\"https:\\\/\\\/shelter-dog.de\\\/impressum-oreo-the-shelter-dog\\\/\"]}]},{\"@type\":\"ImageObject\",\"inLanguage\":\"en-US\",\"@id\":\"https:\\\/\\\/shelter-dog.de\\\/impressum-oreo-the-shelter-dog\\\/#primaryimage\",\"url\":\"https:\\\/\\\/shelter-dog.de\\\/wp-content\\\/uploads\\\/2025\\\/12\\\/petition-bg.jpg\",\"contentUrl\":\"https:\\\/\\\/shelter-dog.de\\\/wp-content\\\/uploads\\\/2025\\\/12\\\/petition-bg.jpg\",\"width\":1280,\"height\":720,\"caption\":\"Impressum $Oreo the Shelter Dog\"},{\"@type\":\"BreadcrumbList\",\"@id\":\"https:\\\/\\\/shelter-dog.de\\\/impressum-oreo-the-shelter-dog\\\/#breadcrumb\",\"itemListElement\":[{\"@type\":\"ListItem\",\"position\":1,\"name\":\"Startseite\",\"item\":\"https:\\\/\\\/shelter-dog.de\\\/\"},{\"@type\":\"ListItem\",\"position\":2,\"name\":\"Impressum $Oreo the Shelter Dog\"}]},{\"@type\":\"WebSite\",\"@id\":\"https:\\\/\\\/shelter-dog.de\\\/#website\",\"url\":\"https:\\\/\\\/shelter-dog.de\\\/\",\"name\":\"$Oreo - The Shelter Dog\",\"description\":\"Shelter Hunde unterst\u00fctzen mit Krypto\",\"publisher\":{\"@id\":\"https:\\\/\\\/shelter-dog.de\\\/#organization\"},\"potentialAction\":[{\"@type\":\"SearchAction\",\"target\":{\"@type\":\"EntryPoint\",\"urlTemplate\":\"https:\\\/\\\/shelter-dog.de\\\/?s={search_term_string}\"},\"query-input\":{\"@type\":\"PropertyValueSpecification\",\"valueRequired\":true,\"valueName\":\"search_term_string\"}}],\"inLanguage\":\"en-US\"},{\"@type\":\"Organization\",\"@id\":\"https:\\\/\\\/shelter-dog.de\\\/#organization\",\"name\":\"$Oreo - The Shelter Dog\",\"url\":\"https:\\\/\\\/shelter-dog.de\\\/\",\"logo\":{\"@type\":\"ImageObject\",\"inLanguage\":\"en-US\",\"@id\":\"https:\\\/\\\/shelter-dog.de\\\/#\\\/schema\\\/logo\\\/image\\\/\",\"url\":\"https:\\\/\\\/shelter-dog.de\\\/wp-content\\\/uploads\\\/2025\\\/11\\\/logo.png\",\"contentUrl\":\"https:\\\/\\\/shelter-dog.de\\\/wp-content\\\/uploads\\\/2025\\\/11\\\/logo.png\",\"width\":400,\"height\":254,\"caption\":\"$Oreo - The Shelter Dog\"},\"image\":{\"@id\":\"https:\\\/\\\/shelter-dog.de\\\/#\\\/schema\\\/logo\\\/image\\\/\"},\"sameAs\":[\"https:\\\/\\\/x.com\\\/oreodogshelter\",\"https:\\\/\\\/www.tiktok.com\\\/@user2338311692103?_r=1&_t=ZG-91MfGHysyum\"]}]}<\/script>\n<!-- \/ Yoast SEO plugin. -->","yoast_head_json":{"title":"$Oreo the Shelter Dog | Impressum","description":"Impressum von $Oreo the Shelter Dog: Rechtliche Angaben, Kontaktinformationen und Verantwortlichkeiten gem\u00e4\u00df \u00a7 5 TMG und \u00a7 18 MStV.","robots":{"index":"index","follow":"follow","max-snippet":"max-snippet:-1","max-image-preview":"max-image-preview:large","max-video-preview":"max-video-preview:-1"},"canonical":"https:\/\/shelter-dog.de\/en\/impressum-oreo-the-shelter-dog\/","og_locale":"en_US","og_type":"article","og_title":"$Oreo the Shelter Dog | Impressum","og_description":"Impressum von $Oreo the Shelter Dog: Rechtliche Angaben, Kontaktinformationen und Verantwortlichkeiten gem\u00e4\u00df \u00a7 5 TMG und \u00a7 18 MStV.","og_url":"https:\/\/shelter-dog.de\/en\/impressum-oreo-the-shelter-dog\/","og_site_name":"$Oreo the Shelter Dog","article_modified_time":"2026-01-06T12:56:18+00:00","og_image":[{"width":1280,"height":720,"url":"https:\/\/shelter-dog.de\/wp-content\/uploads\/2025\/12\/petition-bg.jpg","type":"image\/jpeg"}],"twitter_card":"summary_large_image","twitter_site":"@oreodogshelter","twitter_misc":{"Est. reading time":"3 minutes"},"schema":{"@context":"https:\/\/schema.org","@graph":[{"@type":"WebPage","@id":"https:\/\/shelter-dog.de\/impressum-oreo-the-shelter-dog\/","url":"https:\/\/shelter-dog.de\/impressum-oreo-the-shelter-dog\/","name":"$Oreo the Shelter Dog | Impressum","isPartOf":{"@id":"https:\/\/shelter-dog.de\/#website"},"primaryImageOfPage":{"@id":"https:\/\/shelter-dog.de\/impressum-oreo-the-shelter-dog\/#primaryimage"},"image":{"@id":"https:\/\/shelter-dog.de\/impressum-oreo-the-shelter-dog\/#primaryimage"},"thumbnailUrl":"https:\/\/shelter-dog.de\/wp-content\/uploads\/2025\/12\/petition-bg.jpg","datePublished":"2025-12-10T08:29:40+00:00","dateModified":"2026-01-06T12:56:18+00:00","description":"Impressum von $Oreo the Shelter Dog: Rechtliche Angaben, Kontaktinformationen und Verantwortlichkeiten gem\u00e4\u00df \u00a7 5 TMG und \u00a7 18 MStV.","breadcrumb":{"@id":"https:\/\/shelter-dog.de\/impressum-oreo-the-shelter-dog\/#breadcrumb"},"inLanguage":"en-US","potentialAction":[{"@type":"ReadAction","target":["https:\/\/shelter-dog.de\/impressum-oreo-the-shelter-dog\/"]}]},{"@type":"ImageObject","inLanguage":"en-US","@id":"https:\/\/shelter-dog.de\/impressum-oreo-the-shelter-dog\/#primaryimage","url":"https:\/\/shelter-dog.de\/wp-content\/uploads\/2025\/12\/petition-bg.jpg","contentUrl":"https:\/\/shelter-dog.de\/wp-content\/uploads\/2025\/12\/petition-bg.jpg","width":1280,"height":720,"caption":"Impressum $Oreo the Shelter Dog"},{"@type":"BreadcrumbList","@id":"https:\/\/shelter-dog.de\/impressum-oreo-the-shelter-dog\/#breadcrumb","itemListElement":[{"@type":"ListItem","position":1,"name":"Startseite","item":"https:\/\/shelter-dog.de\/"},{"@type":"ListItem","position":2,"name":"Impressum $Oreo the Shelter Dog"}]},{"@type":"WebSite","@id":"https:\/\/shelter-dog.de\/#website","url":"https:\/\/shelter-dog.de\/","name":"$Oreo - The Shelter Dog","description":"Shelter Hunde unterst\u00fctzen mit Krypto","publisher":{"@id":"https:\/\/shelter-dog.de\/#organization"},"potentialAction":[{"@type":"SearchAction","target":{"@type":"EntryPoint","urlTemplate":"https:\/\/shelter-dog.de\/?s={search_term_string}"},"query-input":{"@type":"PropertyValueSpecification","valueRequired":true,"valueName":"search_term_string"}}],"inLanguage":"en-US"},{"@type":"Organization","@id":"https:\/\/shelter-dog.de\/#organization","name":"$Oreo - The Shelter Dog","url":"https:\/\/shelter-dog.de\/","logo":{"@type":"ImageObject","inLanguage":"en-US","@id":"https:\/\/shelter-dog.de\/#\/schema\/logo\/image\/","url":"https:\/\/shelter-dog.de\/wp-content\/uploads\/2025\/11\/logo.png","contentUrl":"https:\/\/shelter-dog.de\/wp-content\/uploads\/2025\/11\/logo.png","width":400,"height":254,"caption":"$Oreo - The Shelter Dog"},"image":{"@id":"https:\/\/shelter-dog.de\/#\/schema\/logo\/image\/"},"sameAs":["https:\/\/x.com\/oreodogshelter","https:\/\/www.tiktok.com\/@user2338311692103?_r=1&_t=ZG-91MfGHysyum"]}]}},"_links":{"self":[{"href":"https:\/\/shelter-dog.de\/en\/wp-json\/wp\/v2\/pages\/288","targetHints":{"allow":["GET"]}}],"collection":[{"href":"https:\/\/shelter-dog.de\/en\/wp-json\/wp\/v2\/pages"}],"about":[{"href":"https:\/\/shelter-dog.de\/en\/wp-json\/wp\/v2\/types\/page"}],"author":[{"embeddable":true,"href":"https:\/\/shelter-dog.de\/en\/wp-json\/wp\/v2\/users\/1"}],"replies":[{"embeddable":true,"href":"https:\/\/shelter-dog.de\/en\/wp-json\/wp\/v2\/comments?post=288"}],"version-history":[{"count":5,"href":"https:\/\/shelter-dog.de\/en\/wp-json\/wp\/v2\/pages\/288\/revisions"}],"predecessor-version":[{"id":338,"href":"https:\/\/shelter-dog.de\/en\/wp-json\/wp\/v2\/pages\/288\/revisions\/338"}],"wp:featuredmedia":[{"embeddable":true,"href":"https:\/\/shelter-dog.de\/en\/wp-json\/wp\/v2\/media\/292"}],"wp:attachment":[{"href":"https:\/\/shelter-dog.de\/en\/wp-json\/wp\/v2\/media?parent=288"}],"curies":[{"name":"wp","href":"https:\/\/api.w.org\/{rel}","templated":true}]}}